{"id":91,"date":"2024-09-05T16:20:42","date_gmt":"2024-09-05T14:20:42","guid":{"rendered":"https:\/\/www.croquetsdefrance.com\/?page_id=91"},"modified":"2025-04-07T08:53:03","modified_gmt":"2025-04-07T06:53:03","slug":"evenementiel","status":"publish","type":"page","link":"https:\/\/www.croquetsdefrance.com\/index.php\/evenementiel\/","title":{"rendered":"Ev\u00e8nementiel"},"content":{"rendered":"\n<figure class=\"wp-block-image size-full\"><img fetchpriority=\"high\" decoding=\"async\" width=\"640\" height=\"480\" src=\"https:\/\/www.croquetsdefrance.com\/wp-content\/uploads\/2024\/10\/Pimms_and_Barbour_on_the_Croquet_Lawn_-_geograph.org_.uk_-_4620887.jpg\" alt=\"r\u00e9union d'entreprise sur un terrain de croquet\" class=\"wp-image-212\" srcset=\"https:\/\/www.croquetsdefrance.com\/wp-content\/uploads\/2024\/10\/Pimms_and_Barbour_on_the_Croquet_Lawn_-_geograph.org_.uk_-_4620887.jpg 640w, https:\/\/www.croquetsdefrance.com\/wp-content\/uploads\/2024\/10\/Pimms_and_Barbour_on_the_Croquet_Lawn_-_geograph.org_.uk_-_4620887-300x225.jpg 300w\" sizes=\"(max-width: 640px) 100vw, 640px\" \/><figcaption class=\"wp-element-caption\"><strong>Pour vos \u00e9v\u00e9nements festifs, anniversaires, mariages, r\u00e9unions d&rsquo;entreprises, r\u00e9compenses aux salari\u00e9s, \u00ab\u00a0team building\u00a0\u00bb, nous pouvons vous proposer des solutions clefs en main, sur site ou \u00e0 l&rsquo;endroit de votre choix, avec traiteur ou sans&#8230;<\/strong><\/figcaption><\/figure>\n\n\n\n<p class=\"has-x-large-font-size\"><strong>N&rsquo;h\u00e9sitez pas \u00e0 nous contacter!<\/strong><\/p>\n","protected":false},"excerpt":{"rendered":"<p>N&rsquo;h\u00e9sitez pas \u00e0 nous contacter!<\/p>\n","protected":false},"author":1,"featured_media":0,"parent":0,"menu_order":0,"comment_status":"closed","ping_status":"closed","template":"","meta":{"_monsterinsights_skip_tracking":false,"_monsterinsights_sitenote_active":false,"_monsterinsights_sitenote_note":"","_monsterinsights_sitenote_category":0,"footnotes":""},"class_list":["post-91","page","type-page","status-publish","hentry"],"yoast_head":"<!-- This site is optimized with the Yoast SEO plugin v27.4 - https:\/\/yoast.com\/product\/yoast-seo-wordpress\/ -->\n<title>Ev\u00e8nementiel - Croquets de France<\/title>\n<meta name=\"robots\" content=\"index, follow, max-snippet:-1, max-image-preview:large, max-video-preview:-1\" \/>\n<link rel=\"canonical\" href=\"https:\/\/www.croquetsdefrance.com\/index.php\/evenementiel\/\" \/>\n<meta property=\"og:locale\" content=\"fr_FR\" \/>\n<meta property=\"og:type\" content=\"article\" \/>\n<meta property=\"og:title\" content=\"Ev\u00e8nementiel - Croquets de France\" \/>\n<meta property=\"og:description\" content=\"N&rsquo;h\u00e9sitez pas \u00e0 nous contacter!\" \/>\n<meta property=\"og:url\" content=\"https:\/\/www.croquetsdefrance.com\/index.php\/evenementiel\/\" \/>\n<meta property=\"og:site_name\" content=\"Croquets de France\" \/>\n<meta property=\"article:publisher\" content=\"https:\/\/www.facebook.com\/profile.php?id=61570741047917&amp;locale=fr_FR\" \/>\n<meta property=\"article:modified_time\" content=\"2025-04-07T06:53:03+00:00\" \/>\n<meta property=\"og:image\" content=\"https:\/\/www.croquetsdefrance.com\/wp-content\/uploads\/2024\/10\/Pimms_and_Barbour_on_the_Croquet_Lawn_-_geograph.org_.uk_-_4620887.jpg\" \/>\n<meta name=\"twitter:card\" content=\"summary_large_image\" \/>\n<meta name=\"twitter:label1\" content=\"Dur\u00e9e de lecture estim\u00e9e\" \/>\n\t<meta name=\"twitter:data1\" content=\"1 minute\" \/>\n<script type=\"application\/ld+json\" class=\"yoast-schema-graph\">{\"@context\":\"https:\\\/\\\/schema.org\",\"@graph\":[{\"@type\":\"WebPage\",\"@id\":\"https:\\\/\\\/www.croquetsdefrance.com\\\/index.php\\\/evenementiel\\\/\",\"url\":\"https:\\\/\\\/www.croquetsdefrance.com\\\/index.php\\\/evenementiel\\\/\",\"name\":\"Ev\u00e8nementiel - Croquets de France\",\"isPartOf\":{\"@id\":\"https:\\\/\\\/www.croquetsdefrance.com\\\/#website\"},\"primaryImageOfPage\":{\"@id\":\"https:\\\/\\\/www.croquetsdefrance.com\\\/index.php\\\/evenementiel\\\/#primaryimage\"},\"image\":{\"@id\":\"https:\\\/\\\/www.croquetsdefrance.com\\\/index.php\\\/evenementiel\\\/#primaryimage\"},\"thumbnailUrl\":\"https:\\\/\\\/www.croquetsdefrance.com\\\/wp-content\\\/uploads\\\/2024\\\/10\\\/Pimms_and_Barbour_on_the_Croquet_Lawn_-_geograph.org_.uk_-_4620887.jpg\",\"datePublished\":\"2024-09-05T14:20:42+00:00\",\"dateModified\":\"2025-04-07T06:53:03+00:00\",\"breadcrumb\":{\"@id\":\"https:\\\/\\\/www.croquetsdefrance.com\\\/index.php\\\/evenementiel\\\/#breadcrumb\"},\"inLanguage\":\"fr-FR\",\"potentialAction\":[{\"@type\":\"ReadAction\",\"target\":[\"https:\\\/\\\/www.croquetsdefrance.com\\\/index.php\\\/evenementiel\\\/\"]}]},{\"@type\":\"ImageObject\",\"inLanguage\":\"fr-FR\",\"@id\":\"https:\\\/\\\/www.croquetsdefrance.com\\\/index.php\\\/evenementiel\\\/#primaryimage\",\"url\":\"https:\\\/\\\/www.croquetsdefrance.com\\\/wp-content\\\/uploads\\\/2024\\\/10\\\/Pimms_and_Barbour_on_the_Croquet_Lawn_-_geograph.org_.uk_-_4620887.jpg\",\"contentUrl\":\"https:\\\/\\\/www.croquetsdefrance.com\\\/wp-content\\\/uploads\\\/2024\\\/10\\\/Pimms_and_Barbour_on_the_Croquet_Lawn_-_geograph.org_.uk_-_4620887.jpg\",\"width\":640,\"height\":480,\"caption\":\"OLYMPUS DIGITAL CAMERA\"},{\"@type\":\"BreadcrumbList\",\"@id\":\"https:\\\/\\\/www.croquetsdefrance.com\\\/index.php\\\/evenementiel\\\/#breadcrumb\",\"itemListElement\":[{\"@type\":\"ListItem\",\"position\":1,\"name\":\"Accueil\",\"item\":\"https:\\\/\\\/www.croquetsdefrance.com\\\/\"},{\"@type\":\"ListItem\",\"position\":2,\"name\":\"Ev\u00e8nementiel\"}]},{\"@type\":\"WebSite\",\"@id\":\"https:\\\/\\\/www.croquetsdefrance.com\\\/#website\",\"url\":\"https:\\\/\\\/www.croquetsdefrance.com\\\/\",\"name\":\"Croquets de France\",\"description\":\"Club de Saint Briac\",\"publisher\":{\"@id\":\"https:\\\/\\\/www.croquetsdefrance.com\\\/#organization\"},\"potentialAction\":[{\"@type\":\"SearchAction\",\"target\":{\"@type\":\"EntryPoint\",\"urlTemplate\":\"https:\\\/\\\/www.croquetsdefrance.com\\\/?s={search_term_string}\"},\"query-input\":{\"@type\":\"PropertyValueSpecification\",\"valueRequired\":true,\"valueName\":\"search_term_string\"}}],\"inLanguage\":\"fr-FR\"},{\"@type\":\"Organization\",\"@id\":\"https:\\\/\\\/www.croquetsdefrance.com\\\/#organization\",\"name\":\"Croquets de France\",\"url\":\"https:\\\/\\\/www.croquetsdefrance.com\\\/\",\"logo\":{\"@type\":\"ImageObject\",\"inLanguage\":\"fr-FR\",\"@id\":\"https:\\\/\\\/www.croquetsdefrance.com\\\/#\\\/schema\\\/logo\\\/image\\\/\",\"url\":\"http:\\\/\\\/www.croquetsdefrance.com\\\/wp-content\\\/uploads\\\/2024\\\/10\\\/logo-4.jpg\",\"contentUrl\":\"http:\\\/\\\/www.croquetsdefrance.com\\\/wp-content\\\/uploads\\\/2024\\\/10\\\/logo-4.jpg\",\"width\":208,\"height\":198,\"caption\":\"Croquets de France\"},\"image\":{\"@id\":\"https:\\\/\\\/www.croquetsdefrance.com\\\/#\\\/schema\\\/logo\\\/image\\\/\"},\"sameAs\":[\"https:\\\/\\\/www.facebook.com\\\/profile.php?id=61570741047917&locale=fr_FR\"]}]}<\/script>\n<!-- \/ Yoast SEO plugin. -->","yoast_head_json":{"title":"Ev\u00e8nementiel - Croquets de France","robots":{"index":"index","follow":"follow","max-snippet":"max-snippet:-1","max-image-preview":"max-image-preview:large","max-video-preview":"max-video-preview:-1"},"canonical":"https:\/\/www.croquetsdefrance.com\/index.php\/evenementiel\/","og_locale":"fr_FR","og_type":"article","og_title":"Ev\u00e8nementiel - Croquets de France","og_description":"N&rsquo;h\u00e9sitez pas \u00e0 nous contacter!","og_url":"https:\/\/www.croquetsdefrance.com\/index.php\/evenementiel\/","og_site_name":"Croquets de France","article_publisher":"https:\/\/www.facebook.com\/profile.php?id=61570741047917&locale=fr_FR","article_modified_time":"2025-04-07T06:53:03+00:00","og_image":[{"url":"https:\/\/www.croquetsdefrance.com\/wp-content\/uploads\/2024\/10\/Pimms_and_Barbour_on_the_Croquet_Lawn_-_geograph.org_.uk_-_4620887.jpg","type":"","width":"","height":""}],"twitter_card":"summary_large_image","twitter_misc":{"Dur\u00e9e de lecture estim\u00e9e":"1 minute"},"schema":{"@context":"https:\/\/schema.org","@graph":[{"@type":"WebPage","@id":"https:\/\/www.croquetsdefrance.com\/index.php\/evenementiel\/","url":"https:\/\/www.croquetsdefrance.com\/index.php\/evenementiel\/","name":"Ev\u00e8nementiel - Croquets de France","isPartOf":{"@id":"https:\/\/www.croquetsdefrance.com\/#website"},"primaryImageOfPage":{"@id":"https:\/\/www.croquetsdefrance.com\/index.php\/evenementiel\/#primaryimage"},"image":{"@id":"https:\/\/www.croquetsdefrance.com\/index.php\/evenementiel\/#primaryimage"},"thumbnailUrl":"https:\/\/www.croquetsdefrance.com\/wp-content\/uploads\/2024\/10\/Pimms_and_Barbour_on_the_Croquet_Lawn_-_geograph.org_.uk_-_4620887.jpg","datePublished":"2024-09-05T14:20:42+00:00","dateModified":"2025-04-07T06:53:03+00:00","breadcrumb":{"@id":"https:\/\/www.croquetsdefrance.com\/index.php\/evenementiel\/#breadcrumb"},"inLanguage":"fr-FR","potentialAction":[{"@type":"ReadAction","target":["https:\/\/www.croquetsdefrance.com\/index.php\/evenementiel\/"]}]},{"@type":"ImageObject","inLanguage":"fr-FR","@id":"https:\/\/www.croquetsdefrance.com\/index.php\/evenementiel\/#primaryimage","url":"https:\/\/www.croquetsdefrance.com\/wp-content\/uploads\/2024\/10\/Pimms_and_Barbour_on_the_Croquet_Lawn_-_geograph.org_.uk_-_4620887.jpg","contentUrl":"https:\/\/www.croquetsdefrance.com\/wp-content\/uploads\/2024\/10\/Pimms_and_Barbour_on_the_Croquet_Lawn_-_geograph.org_.uk_-_4620887.jpg","width":640,"height":480,"caption":"OLYMPUS DIGITAL CAMERA"},{"@type":"BreadcrumbList","@id":"https:\/\/www.croquetsdefrance.com\/index.php\/evenementiel\/#breadcrumb","itemListElement":[{"@type":"ListItem","position":1,"name":"Accueil","item":"https:\/\/www.croquetsdefrance.com\/"},{"@type":"ListItem","position":2,"name":"Ev\u00e8nementiel"}]},{"@type":"WebSite","@id":"https:\/\/www.croquetsdefrance.com\/#website","url":"https:\/\/www.croquetsdefrance.com\/","name":"Croquets de France","description":"Club de Saint Briac","publisher":{"@id":"https:\/\/www.croquetsdefrance.com\/#organization"},"potentialAction":[{"@type":"SearchAction","target":{"@type":"EntryPoint","urlTemplate":"https:\/\/www.croquetsdefrance.com\/?s={search_term_string}"},"query-input":{"@type":"PropertyValueSpecification","valueRequired":true,"valueName":"search_term_string"}}],"inLanguage":"fr-FR"},{"@type":"Organization","@id":"https:\/\/www.croquetsdefrance.com\/#organization","name":"Croquets de France","url":"https:\/\/www.croquetsdefrance.com\/","logo":{"@type":"ImageObject","inLanguage":"fr-FR","@id":"https:\/\/www.croquetsdefrance.com\/#\/schema\/logo\/image\/","url":"http:\/\/www.croquetsdefrance.com\/wp-content\/uploads\/2024\/10\/logo-4.jpg","contentUrl":"http:\/\/www.croquetsdefrance.com\/wp-content\/uploads\/2024\/10\/logo-4.jpg","width":208,"height":198,"caption":"Croquets de France"},"image":{"@id":"https:\/\/www.croquetsdefrance.com\/#\/schema\/logo\/image\/"},"sameAs":["https:\/\/www.facebook.com\/profile.php?id=61570741047917&locale=fr_FR"]}]}},"_links":{"self":[{"href":"https:\/\/www.croquetsdefrance.com\/index.php\/wp-json\/wp\/v2\/pages\/91","targetHints":{"allow":["GET"]}}],"collection":[{"href":"https:\/\/www.croquetsdefrance.com\/index.php\/wp-json\/wp\/v2\/pages"}],"about":[{"href":"https:\/\/www.croquetsdefrance.com\/index.php\/wp-json\/wp\/v2\/types\/page"}],"author":[{"embeddable":true,"href":"https:\/\/www.croquetsdefrance.com\/index.php\/wp-json\/wp\/v2\/users\/1"}],"replies":[{"embeddable":true,"href":"https:\/\/www.croquetsdefrance.com\/index.php\/wp-json\/wp\/v2\/comments?post=91"}],"version-history":[{"count":0,"href":"https:\/\/www.croquetsdefrance.com\/index.php\/wp-json\/wp\/v2\/pages\/91\/revisions"}],"wp:attachment":[{"href":"https:\/\/www.croquetsdefrance.com\/index.php\/wp-json\/wp\/v2\/media?parent=91"}],"curies":[{"name":"wp","href":"https:\/\/api.w.org\/{rel}","templated":true}]}}