{"id":717,"date":"2025-07-02T09:06:38","date_gmt":"2025-07-02T07:06:38","guid":{"rendered":"https:\/\/www.croquetsdefrance.com\/?page_id=717"},"modified":"2025-07-02T09:08:27","modified_gmt":"2025-07-02T07:08:27","slug":"mentions-legales","status":"publish","type":"page","link":"https:\/\/www.croquetsdefrance.com\/index.php\/mentions-legales\/","title":{"rendered":"Mentions L\u00e9gales"},"content":{"rendered":"\t\t<div data-elementor-type=\"wp-page\" data-elementor-id=\"717\" class=\"elementor elementor-717\">\n\t\t\t\t<div class=\"elementor-element elementor-element-6eb33fd e-flex e-con-boxed e-con e-parent\" data-id=\"6eb33fd\" data-element_type=\"container\" data-e-type=\"container\">\n\t\t\t\t\t<div class=\"e-con-inner\">\n\t\t\t\t<div class=\"elementor-element elementor-element-b54c85d elementor-widget elementor-widget-text-editor\" data-id=\"b54c85d\" data-element_type=\"widget\" data-e-type=\"widget\" data-widget_type=\"text-editor.default\">\n\t\t\t\t<div class=\"elementor-widget-container\">\n\t\t\t\t\t\t\t\t\t<p>Mentions L\u00e9gales<\/p><p>Informations sur l&rsquo;\u00e9diteur<\/p><p>\u00a0<\/p><p>Selon les dispositions de la loi sur l&rsquo;\u00e9conomie num\u00e9rique, nous communiquons l&rsquo;identit\u00e9 des responsables du site.<\/p><p>\u00a0<\/p><p>\u00c9diteur<\/p><p>\u00a0<\/p><p>Adresse du si\u00e8ge social : 5 rue de la madeleine 22100 lanvallay<\/p><p>\u00a0<\/p><p>T\u00e9l\u00e9phone : 0630794547<\/p><p>\u00a0<\/p><p>Email : contact@croquetsdefrance.com<\/p><p>\u00a0<\/p><p>Direction de la publication<\/p><p>\u00a0<\/p><p>Direction de la publication : christophe chastan<\/p><p>\u00a0<\/p><p>Adresse de contact : christophechastan@gmail.com<\/p><p>\u00a0<\/p><p>H\u00e9bergement<\/p><p>\u00a0<\/p><p>H\u00e9bergeur : ovh<\/p><p>\u00a0<\/p><p>Adresse : 2 rue Kellermann &#8211; BP 80157 59100 Roubaix France<\/p><p>\u00a0<\/p><p>T\u00e9l\u00e9phone : 09 72 10 10 07<\/p><p>\u00a0<\/p><p>Site web : https:\/\/www.ovh.com<\/p><p>\u00a0<\/p><p>D\u00e9finitions<\/p><p>\u00a0<\/p><p>Visiteur : toute personne dot\u00e9e de la capacit\u00e9 juridique, ainsi que structure l\u00e9gale, laquelle visite le service objet des pr\u00e9sentes conditions.<\/p><p>\u00a0<\/p><p>Solutions fournies : Tous les services disponibles via https:\/\/www.croquetsdefrance.com offerts aux Visiteurs.<\/p><p>\u00a0<\/p><p>Contenus : Tous les \u00e9l\u00e9ments informationnels, comprenant contenus textuels \u2013 visuels \u2013 multim\u00e9dias.<\/p><p>\u00a0<\/p><p>Informations personnelles : D\u00e9nomm\u00e9es \u00ab Donn\u00e9es \u00bb repr\u00e9sentant l&rsquo;ensemble des donn\u00e9es personnelles susceptibles d&rsquo;\u00eatre d\u00e9tenues par https:\/\/www.croquetsdefrance.com dans le cadre de la gestion client\u00e8le et pour des analyses statistiques.<\/p><p>\u00a0<\/p><p>Conditions g\u00e9n\u00e9rales d&rsquo;utilisation du site internet et des services propos\u00e9s<\/p><p>\u00a0<\/p><p>L&rsquo;usage de cette plateforme suppose l&rsquo;adh\u00e9sion aux conditions suivantes. Les pr\u00e9sentes conditions sont sujettes \u00e0 r\u00e9vision, les utilisateurs du site https:\/\/www.croquetsdefrance.com sont donc invit\u00e9s \u00e0 les consulter de mani\u00e8re r\u00e9guli\u00e8re sont encourag\u00e9s \u00e0 examiner fr\u00e9quemment.<\/p><p>\u00a0<\/p><p>L&rsquo;acc\u00e8s est permanent sauf exception. Des coupures pour maintenance peuvent intervenir pour des op\u00e9rations de maintenance pourra \u00eatre programm\u00e9e.<\/p><p>\u00a0<\/p><p>L&rsquo;ensemble du contenu du site sont la propri\u00e9t\u00e9 de l&rsquo;\u00e9diteur ou de ses partenaires. Leur reproduction est interdite sans autorisation pr\u00e9alable.<\/p><p>\u00a0<\/p><p>Les informations et\/ou documents figurant sur ce site et\/ou accessibles par ce site proviennent de sources consid\u00e9r\u00e9es comme \u00e9tant fiables. Toutefois, ces informations et\/ou documents sont susceptibles de contenir des inexactitudes techniques et des erreurs typographiques. Les corrections seront apport\u00e9es d\u00e8s que possible.<\/p><p>\u00a0<\/p><p>Gestion des donn\u00e9es personnelles<\/p><p>\u00a0<\/p><p>Le cadre r\u00e9glementaire suivant s&rsquo;applique, LCEN, Loi Informatique et Libert\u00e9s, et RGPD.<\/p><p>\u00a0<\/p><p>Responsable de la collecte des donn\u00e9es personnelles (DPO)<\/p><p>\u00a0<\/p><p>Concernant les donn\u00e9es collect\u00e9es lors de l&rsquo;inscription et de l&rsquo;utilisation, la responsabilit\u00e9 du traitement incombe \u00e0 : .<\/p><p>\u00a0<\/p><p>En tant que responsable du traitement des donn\u00e9es qu&rsquo;il collecte, https:\/\/www.croquetsdefrance.com s&rsquo;engage \u00e0 respecter le cadre des dispositions l\u00e9gales en vigueur. Nous d\u00e9finissons les objectifs du traitement, de fournir \u00e0 ses prospects et clients, \u00e0 partir de la collecte de leurs consentements, une information compl\u00e8te sur le traitement de leurs donn\u00e9es personnelles de documenter les op\u00e9rations de traitement.<\/p><p>\u00a0<\/p><p>Nous veillons \u00e0 la qualit\u00e9 et \u00e0 la pertinence des donn\u00e9es trait\u00e9es.<\/p><p>\u00a0<\/p><p>Utilisation des donn\u00e9es<\/p><p>\u00a0<\/p><p>https:\/\/www.croquetsdefrance.com est susceptible de traiter tout ou partie des donn\u00e9es :<\/p><p>\u00a0<\/p><p>pour permettre la navigation sur le Site et la gestion et la tra\u00e7abilit\u00e9 des prestations et services command\u00e9s par l&rsquo;utilisateur : donn\u00e9es de connexion et d&rsquo;utilisation du Site, facturation, historique des commandes, etc,<\/p><p>pour pr\u00e9venir et lutter contre la fraude informatique (spamming, hacking\u2026) : mat\u00e9riel informatique utilis\u00e9 pour la navigation, l&rsquo;adresse IP, le mot de passe (hash\u00e9),<\/p><p>pour optimiser l&rsquo;exp\u00e9rience utilisateur,<\/p><p>pour mener des enqu\u00eates de satisfaction facultatives sur https:\/\/www.croquetsdefrance.com : adresse email,<\/p><p>dans le cadre de la relation commerciale.<\/p><p>\u00a0<\/p><p>Vos donn\u00e9es ne sont jamais vendues \u00e0 des tiers.<\/p><p>\u00a0<\/p><p>Nature des donn\u00e9es personnelles<\/p><p>Concernant les droits RGPD<\/p><p>\u00a0<\/p><p>Conform\u00e9ment aux dispositions des articles 38 et suivants de la loi 78-17 du 6 janvier 1978 modifi\u00e9e, vous b\u00e9n\u00e9ficiez de droits sur vos donn\u00e9es personnelles. Adressez votre demande au responsable de la protection des donn\u00e9es via courrier postal dat\u00e9 et sign\u00e9 avec copie d&rsquo;une pi\u00e8ce d&rsquo;identit\u00e9 ou \u00e9lectroniquement avec les m\u00eames exigences en pr\u00e9cisant l&rsquo;adresse de r\u00e9ponse souhait\u00e9e. D\u00e9lai de r\u00e9ponse : 1 mois maximum.<\/p><p>\u00a0<\/p><p>Dans le cas o\u00f9 vous souhaiteriez exercer l&rsquo;un de ces droits, merci de nous adresser votre demande \u00e0 :<\/p><p>\u00a0<\/p><p>\u00a0<\/p><p>5 rue de la madeleine<\/p><p>22100<\/p><p>lanvallay<\/p><p>Email : contact@croquetsdefrance.com<\/p><p>\u00a0<\/p><p>Afin de donner suite, merci de sp\u00e9cifier les informations \u00e0 modifier en s&rsquo;identifiant pr\u00e9cis\u00e9ment avec une copie d&rsquo;une pi\u00e8ce d&rsquo;identit\u00e9 (carte d&rsquo;identit\u00e9 ou passeport)<\/p><p>\u00a0<\/p><p>Les demandes de suppression de Donn\u00e9es Personnelles seront soumises aux obligations qui sont impos\u00e9es \u00e0 https:\/\/www.croquetsdefrance.com par la loi, notamment concernant l&rsquo;archivage l\u00e9gal.<\/p><p>\u00a0<\/p><p>Par ailleurs, les clients peuvent d\u00e9poser une r\u00e9clamation aux autorit\u00e9s comp\u00e9tentes et notamment de la CNIL (https:\/\/www.cnil.fr\/fr\/plaintes).<\/p><p>\u00a0<\/p><p>Transferts et communication des donn\u00e9es<\/p><p>\u00a0<\/p><p>https:\/\/www.croquetsdefrance.com s&rsquo;interdit de traiter, h\u00e9berger ou transf\u00e9rer les Informations collect\u00e9es vers des pays tiers non reconnus par l&rsquo;UE sans notification pr\u00e9alable.<\/p><p>\u00a0<\/p><p>N\u00e9anmoins https:\/\/www.croquetsdefrance.com reste libre du choix de ses sous-traitants sous r\u00e9serve qu&rsquo;ils offrent des garanties RGPD appropri\u00e9es.<\/p><p>\u00a0<\/p><p>Il s&rsquo;agit d&rsquo;assurer la protection optimale des donn\u00e9es en particulier qu&rsquo;elles ne soient pas communiqu\u00e9es \u00e0 des personnes non autoris\u00e9es.<\/p><p>\u00a0<\/p><p>Toutefois, en cas de violation de donn\u00e9es personnelles une notification imm\u00e9diate sera effectu\u00e9e avec les mesures correctives. Aucune donn\u00e9e sensible n&rsquo;est collect\u00e9e.<\/p><p>\u00a0<\/p><p>S\u00e9curit\u00e9<\/p><p>\u00a0<\/p><p>Pour assurer la s\u00e9curit\u00e9 et la confidentialit\u00e9 des Donn\u00e9es Personnelles et des Donn\u00e9es Personnelles de Sant\u00e9, nous mettons en \u0153uvre des technologies \u00e9prouv\u00e9es comme firewall, chiffrement, anonymisation et authentification.<\/p><p>\u00a0<\/p><p>Durant le traitement, nous appliquons toutes les pr\u00e9cautions pour \u00e9viter toute perte, utilisation d\u00e9tourn\u00e9e, acc\u00e8s non autoris\u00e9, divulgation, alt\u00e9ration ou destruction.<\/p><p>\u00a0<\/p><p>Gestion des incidents de s\u00e9curit\u00e9<\/p><p>\u00a0<\/p><p>Bien que nous appliquions les meilleures pratiques, la s\u00e9curit\u00e9 absolue n&rsquo;existe pas. Nous ne pouvons en cons\u00e9quence pas garantir une s\u00e9curit\u00e9 absolue.<\/p><p>\u00a0<\/p><p>Si nous prenions connaissance d&rsquo;une br\u00e8che de la s\u00e9curit\u00e9, les personnes impact\u00e9es seraient imm\u00e9diatement inform\u00e9es.<\/p><p>\u00a0<\/p><p>Ces protocoles sont conformes aux exigences l\u00e9gales, locales comme communautaires. Nous nous engageons \u00e0 informer pleinement nos clients de toutes les questions relevant de la s\u00e9curit\u00e9 de leur compte.<\/p><p>\u00a0<\/p><p>Vos donn\u00e9es personnelles ne sont jamais divulgu\u00e9es sans votre connaissance, ni communiqu\u00e9e ou vendue \u00e0 des entreprises tierces. Seule une acquisition de l&rsquo;entreprise justifierait un tel transfert, qui serait \u00e0 son tour tenu de la m\u00eame obligation de conservation et de modification des donn\u00e9es vis \u00e0 vis de l&rsquo;utilisateur du site https:\/\/www.croquetsdefrance.com<\/p><p>\u00a0<\/p><p>Cookies<\/p><p>\u00a0<\/p><p>Un \u00ab cookie \u00bb constitue une information enregistr\u00e9e sur le terminal de navigation (ordinateur, tablette, mobile), (d\u00e9nomm\u00e9s \u00ab Cookies \u00bb). Ces donn\u00e9es incluent des informations telles que le nom de domaine de l&rsquo;Utilisateur, le fournisseur d&rsquo;acc\u00e8s Internet de l&rsquo;Utilisateur, le syst\u00e8me d&rsquo;exploitation de l&rsquo;Utilisateur, ainsi que la date et l&rsquo;heure d&rsquo;acc\u00e8s. Ces fichiers ne peuvent pas d&rsquo;endommager le terminal de l&rsquo;Utilisateur.<\/p><p>\u00a0<\/p><p>https:\/\/www.croquetsdefrance.com est susceptible de traiter les informations de l&rsquo;Utilisateur concernant sa visite du Site, incluant parcours et interactions. Ces informations permettent \u00e0 https:\/\/www.croquetsdefrance.com d&rsquo;am\u00e9liorer le contenu du Site, de la navigation de l&rsquo;Utilisateur.<\/p><p>\u00a0<\/p><p>Ces fichiers am\u00e9liorent l&rsquo;utilisation du site, il est possible de g\u00e9rer les pr\u00e9f\u00e9rences de cookies pour autoriser ou bloquer leur installation de fa\u00e7on globale ou s\u00e9lective.<\/p><p>\u00a0<\/p><p>En cas de d\u00e9sactivation ou suppression des cookies, certaines fonctionnalit\u00e9s pourraient \u00eatre restreintes. Cela pourrait \u00e9galement \u00eatre le cas lorsque https:\/\/www.croquetsdefrance.com ou l&rsquo;un de ses prestataires ne peut pas reconna\u00eetre, \u00e0 des fins de compatibilit\u00e9 technique, le type de navigateur utilis\u00e9 par le terminal.<\/p><p>\u00a0<\/p><p>Le cas \u00e9ch\u00e9ant, https:\/\/www.croquetsdefrance.com d\u00e9cline toute responsabilit\u00e9 pour les cons\u00e9quences li\u00e9es au fonctionnement d\u00e9grad\u00e9 du Site, dues au param\u00e9trage restrictif ou au blocage des cookies.<\/p><p>\u00a0<\/p><p>Chaque navigateur propose ses propres options, les instructions sont disponibles dans les param\u00e8tres de votre logiciel de navigation par l&rsquo;utilisation des fonctionnalit\u00e9s sociales, Twitter, Facebook, Linkedin et Google Plus peuvent \u00e9galement d\u00e9poser des cookies sur vos terminaux. Ces types de cookies ne sont d\u00e9pos\u00e9s sur vos terminaux qu&rsquo;\u00e0 condition que vous y consentiez.<\/p><p>\u00a0<\/p><p>Technologies de tracking<\/p><p>\u00a0<\/p><p>Nous utilisons parfois des technologies de suivi aussi connues sous le nom de pixels espions ou web bugs gr\u00e2ce \u00e0 des partenaires d&rsquo;analyse statistique pouvant \u00eatre localis\u00e9s \u00e0 l&rsquo;\u00e9tranger avec stockage des donn\u00e9es associ\u00e9es.<\/p><p>\u00a0<\/p><p>On les trouve \u00e0 la fois dans les publicit\u00e9s en ligne permettant aux internautes d&rsquo;acc\u00e9der au Site, et sur les diff\u00e9rentes pages de celui-ci.<\/p><p>\u00a0<\/p><p>Cette technologie permet \u00e0 https:\/\/www.croquetsdefrance.com d&rsquo;\u00e9valuer les r\u00e9ponses des visiteurs face au Site et l&rsquo;efficacit\u00e9 de ses actions (par exemple, le nombre de fois o\u00f9 une page est ouverte et les informations consult\u00e9es), ainsi que l&rsquo;utilisation de ce Site par l&rsquo;Utilisateur.<\/p><p>\u00a0<\/p><p>Les prestataires d&rsquo;analytics agr\u00e8gent les statistiques de navigation permettant d&rsquo;\u00e9laborer des \u00e9tudes d&rsquo;usage et de performance.<\/p><p>\u00a0<\/p><p>Liens hypertextes \u00ab cookies \u00bb et balises (\u00ab\u00a0tags\u00a0\u00bb) internet<\/p><p>\u00a0<\/p><p>Notre plateforme inclut des liens vers des sites tiers, valid\u00e9s par nos \u00e9quipes. Toutefois, nous ne contr\u00f4lons pas le contenu de ces sites externes, et n&rsquo;assumera en cons\u00e9quence aucune responsabilit\u00e9 de ce fait.<\/p><p>\u00a0<\/p><p>Sauf si vous d\u00e9cidez de d\u00e9sactiver les cookies, vous acceptez que le site puisse les utiliser. Leur d\u00e9sactivation est libre et gratuite gr\u00e2ce aux outils de configuration d\u00e9crits, avec pour cons\u00e9quence possible une restriction des services disponibles.<\/p><p>\u00a0<\/p><p>Droit applicable et attribution de juridiction<\/p><p>\u00a0<\/p><p>Les pr\u00e9sentes mentions l\u00e9gales sont r\u00e9gies par le droit fran\u00e7ais. La juridiction exclusive revient aux tribunaux de Paris.<\/p>\t\t\t\t\t\t\t\t<\/div>\n\t\t\t\t<\/div>\n\t\t\t\t\t<\/div>\n\t\t\t\t<\/div>\n\t\t\t\t<\/div>\n\t\t","protected":false},"excerpt":{"rendered":"<p>Mentions L\u00e9gales Informations sur l&rsquo;\u00e9diteur \u00a0 Selon les dispositions de la loi sur l&rsquo;\u00e9conomie num\u00e9rique, nous communiquons l&rsquo;identit\u00e9 des responsables du site. \u00a0 \u00c9diteur \u00a0 Adresse du si\u00e8ge social : 5 rue de la madeleine 22100 lanvallay \u00a0 T\u00e9l\u00e9phone : 0630794547 \u00a0 Email : contact@croquetsdefrance.com \u00a0 Direction de la publication \u00a0 Direction de la publication [&hellip;]<\/p>\n","protected":false},"author":1,"featured_media":0,"parent":0,"menu_order":0,"comment_status":"closed","ping_status":"closed","template":"","meta":{"_monsterinsights_skip_tracking":false,"_monsterinsights_sitenote_active":false,"_monsterinsights_sitenote_note":"","_monsterinsights_sitenote_category":0,"footnotes":""},"class_list":["post-717","page","type-page","status-publish","hentry"],"yoast_head":"<!-- This site is optimized with the Yoast SEO plugin v27.4 - https:\/\/yoast.com\/product\/yoast-seo-wordpress\/ -->\n<title>Mentions L\u00e9gales - Croquets de France<\/title>\n<meta name=\"robots\" content=\"index, follow, max-snippet:-1, max-image-preview:large, max-video-preview:-1\" \/>\n<link rel=\"canonical\" href=\"https:\/\/www.croquetsdefrance.com\/index.php\/mentions-legales\/\" \/>\n<meta property=\"og:locale\" content=\"fr_FR\" \/>\n<meta property=\"og:type\" content=\"article\" \/>\n<meta property=\"og:title\" content=\"Mentions L\u00e9gales - Croquets de France\" \/>\n<meta property=\"og:description\" content=\"Mentions L\u00e9gales Informations sur l&rsquo;\u00e9diteur \u00a0 Selon les dispositions de la loi sur l&rsquo;\u00e9conomie num\u00e9rique, nous communiquons l&rsquo;identit\u00e9 des responsables du site. \u00a0 \u00c9diteur \u00a0 Adresse du si\u00e8ge social : 5 rue de la madeleine 22100 lanvallay \u00a0 T\u00e9l\u00e9phone : 0630794547 \u00a0 Email : contact@croquetsdefrance.com \u00a0 Direction de la publication \u00a0 Direction de la publication [&hellip;]\" \/>\n<meta property=\"og:url\" content=\"https:\/\/www.croquetsdefrance.com\/index.php\/mentions-legales\/\" \/>\n<meta property=\"og:site_name\" content=\"Croquets de France\" \/>\n<meta property=\"article:publisher\" content=\"https:\/\/www.facebook.com\/profile.php?id=61570741047917&amp;locale=fr_FR\" \/>\n<meta property=\"article:modified_time\" content=\"2025-07-02T07:08:27+00:00\" \/>\n<meta name=\"twitter:card\" content=\"summary_large_image\" \/>\n<meta name=\"twitter:label1\" content=\"Dur\u00e9e de lecture estim\u00e9e\" \/>\n\t<meta name=\"twitter:data1\" content=\"7 minutes\" \/>\n<script type=\"application\/ld+json\" class=\"yoast-schema-graph\">{\"@context\":\"https:\\\/\\\/schema.org\",\"@graph\":[{\"@type\":\"WebPage\",\"@id\":\"https:\\\/\\\/www.croquetsdefrance.com\\\/index.php\\\/mentions-legales\\\/\",\"url\":\"https:\\\/\\\/www.croquetsdefrance.com\\\/index.php\\\/mentions-legales\\\/\",\"name\":\"Mentions L\u00e9gales - Croquets de France\",\"isPartOf\":{\"@id\":\"https:\\\/\\\/www.croquetsdefrance.com\\\/#website\"},\"datePublished\":\"2025-07-02T07:06:38+00:00\",\"dateModified\":\"2025-07-02T07:08:27+00:00\",\"breadcrumb\":{\"@id\":\"https:\\\/\\\/www.croquetsdefrance.com\\\/index.php\\\/mentions-legales\\\/#breadcrumb\"},\"inLanguage\":\"fr-FR\",\"potentialAction\":[{\"@type\":\"ReadAction\",\"target\":[\"https:\\\/\\\/www.croquetsdefrance.com\\\/index.php\\\/mentions-legales\\\/\"]}]},{\"@type\":\"BreadcrumbList\",\"@id\":\"https:\\\/\\\/www.croquetsdefrance.com\\\/index.php\\\/mentions-legales\\\/#breadcrumb\",\"itemListElement\":[{\"@type\":\"ListItem\",\"position\":1,\"name\":\"Accueil\",\"item\":\"https:\\\/\\\/www.croquetsdefrance.com\\\/\"},{\"@type\":\"ListItem\",\"position\":2,\"name\":\"Mentions L\u00e9gales\"}]},{\"@type\":\"WebSite\",\"@id\":\"https:\\\/\\\/www.croquetsdefrance.com\\\/#website\",\"url\":\"https:\\\/\\\/www.croquetsdefrance.com\\\/\",\"name\":\"Croquets de France\",\"description\":\"Club de Saint Briac\",\"publisher\":{\"@id\":\"https:\\\/\\\/www.croquetsdefrance.com\\\/#organization\"},\"potentialAction\":[{\"@type\":\"SearchAction\",\"target\":{\"@type\":\"EntryPoint\",\"urlTemplate\":\"https:\\\/\\\/www.croquetsdefrance.com\\\/?s={search_term_string}\"},\"query-input\":{\"@type\":\"PropertyValueSpecification\",\"valueRequired\":true,\"valueName\":\"search_term_string\"}}],\"inLanguage\":\"fr-FR\"},{\"@type\":\"Organization\",\"@id\":\"https:\\\/\\\/www.croquetsdefrance.com\\\/#organization\",\"name\":\"Croquets de France\",\"url\":\"https:\\\/\\\/www.croquetsdefrance.com\\\/\",\"logo\":{\"@type\":\"ImageObject\",\"inLanguage\":\"fr-FR\",\"@id\":\"https:\\\/\\\/www.croquetsdefrance.com\\\/#\\\/schema\\\/logo\\\/image\\\/\",\"url\":\"http:\\\/\\\/www.croquetsdefrance.com\\\/wp-content\\\/uploads\\\/2024\\\/10\\\/logo-4.jpg\",\"contentUrl\":\"http:\\\/\\\/www.croquetsdefrance.com\\\/wp-content\\\/uploads\\\/2024\\\/10\\\/logo-4.jpg\",\"width\":208,\"height\":198,\"caption\":\"Croquets de France\"},\"image\":{\"@id\":\"https:\\\/\\\/www.croquetsdefrance.com\\\/#\\\/schema\\\/logo\\\/image\\\/\"},\"sameAs\":[\"https:\\\/\\\/www.facebook.com\\\/profile.php?id=61570741047917&locale=fr_FR\"]}]}<\/script>\n<!-- \/ Yoast SEO plugin. -->","yoast_head_json":{"title":"Mentions L\u00e9gales - Croquets de France","robots":{"index":"index","follow":"follow","max-snippet":"max-snippet:-1","max-image-preview":"max-image-preview:large","max-video-preview":"max-video-preview:-1"},"canonical":"https:\/\/www.croquetsdefrance.com\/index.php\/mentions-legales\/","og_locale":"fr_FR","og_type":"article","og_title":"Mentions L\u00e9gales - Croquets de France","og_description":"Mentions L\u00e9gales Informations sur l&rsquo;\u00e9diteur \u00a0 Selon les dispositions de la loi sur l&rsquo;\u00e9conomie num\u00e9rique, nous communiquons l&rsquo;identit\u00e9 des responsables du site. \u00a0 \u00c9diteur \u00a0 Adresse du si\u00e8ge social : 5 rue de la madeleine 22100 lanvallay \u00a0 T\u00e9l\u00e9phone : 0630794547 \u00a0 Email : contact@croquetsdefrance.com \u00a0 Direction de la publication \u00a0 Direction de la publication [&hellip;]","og_url":"https:\/\/www.croquetsdefrance.com\/index.php\/mentions-legales\/","og_site_name":"Croquets de France","article_publisher":"https:\/\/www.facebook.com\/profile.php?id=61570741047917&locale=fr_FR","article_modified_time":"2025-07-02T07:08:27+00:00","twitter_card":"summary_large_image","twitter_misc":{"Dur\u00e9e de lecture estim\u00e9e":"7 minutes"},"schema":{"@context":"https:\/\/schema.org","@graph":[{"@type":"WebPage","@id":"https:\/\/www.croquetsdefrance.com\/index.php\/mentions-legales\/","url":"https:\/\/www.croquetsdefrance.com\/index.php\/mentions-legales\/","name":"Mentions L\u00e9gales - Croquets de France","isPartOf":{"@id":"https:\/\/www.croquetsdefrance.com\/#website"},"datePublished":"2025-07-02T07:06:38+00:00","dateModified":"2025-07-02T07:08:27+00:00","breadcrumb":{"@id":"https:\/\/www.croquetsdefrance.com\/index.php\/mentions-legales\/#breadcrumb"},"inLanguage":"fr-FR","potentialAction":[{"@type":"ReadAction","target":["https:\/\/www.croquetsdefrance.com\/index.php\/mentions-legales\/"]}]},{"@type":"BreadcrumbList","@id":"https:\/\/www.croquetsdefrance.com\/index.php\/mentions-legales\/#breadcrumb","itemListElement":[{"@type":"ListItem","position":1,"name":"Accueil","item":"https:\/\/www.croquetsdefrance.com\/"},{"@type":"ListItem","position":2,"name":"Mentions L\u00e9gales"}]},{"@type":"WebSite","@id":"https:\/\/www.croquetsdefrance.com\/#website","url":"https:\/\/www.croquetsdefrance.com\/","name":"Croquets de France","description":"Club de Saint Briac","publisher":{"@id":"https:\/\/www.croquetsdefrance.com\/#organization"},"potentialAction":[{"@type":"SearchAction","target":{"@type":"EntryPoint","urlTemplate":"https:\/\/www.croquetsdefrance.com\/?s={search_term_string}"},"query-input":{"@type":"PropertyValueSpecification","valueRequired":true,"valueName":"search_term_string"}}],"inLanguage":"fr-FR"},{"@type":"Organization","@id":"https:\/\/www.croquetsdefrance.com\/#organization","name":"Croquets de France","url":"https:\/\/www.croquetsdefrance.com\/","logo":{"@type":"ImageObject","inLanguage":"fr-FR","@id":"https:\/\/www.croquetsdefrance.com\/#\/schema\/logo\/image\/","url":"http:\/\/www.croquetsdefrance.com\/wp-content\/uploads\/2024\/10\/logo-4.jpg","contentUrl":"http:\/\/www.croquetsdefrance.com\/wp-content\/uploads\/2024\/10\/logo-4.jpg","width":208,"height":198,"caption":"Croquets de France"},"image":{"@id":"https:\/\/www.croquetsdefrance.com\/#\/schema\/logo\/image\/"},"sameAs":["https:\/\/www.facebook.com\/profile.php?id=61570741047917&locale=fr_FR"]}]}},"_links":{"self":[{"href":"https:\/\/www.croquetsdefrance.com\/index.php\/wp-json\/wp\/v2\/pages\/717","targetHints":{"allow":["GET"]}}],"collection":[{"href":"https:\/\/www.croquetsdefrance.com\/index.php\/wp-json\/wp\/v2\/pages"}],"about":[{"href":"https:\/\/www.croquetsdefrance.com\/index.php\/wp-json\/wp\/v2\/types\/page"}],"author":[{"embeddable":true,"href":"https:\/\/www.croquetsdefrance.com\/index.php\/wp-json\/wp\/v2\/users\/1"}],"replies":[{"embeddable":true,"href":"https:\/\/www.croquetsdefrance.com\/index.php\/wp-json\/wp\/v2\/comments?post=717"}],"version-history":[{"count":0,"href":"https:\/\/www.croquetsdefrance.com\/index.php\/wp-json\/wp\/v2\/pages\/717\/revisions"}],"wp:attachment":[{"href":"https:\/\/www.croquetsdefrance.com\/index.php\/wp-json\/wp\/v2\/media?parent=717"}],"curies":[{"name":"wp","href":"https:\/\/api.w.org\/{rel}","templated":true}]}}